{"id":88,"date":"2023-05-30T17:15:27","date_gmt":"2023-05-30T15:15:27","guid":{"rendered":"https:\/\/capriccidelpellegrino.com\/shop\/?post_type=product&#038;p=88"},"modified":"2024-11-30T21:28:41","modified_gmt":"2024-11-30T20:28:41","slug":"cavatelli-pugliesi","status":"publish","type":"product","link":"https:\/\/capriccidelpellegrino.com\/shop\/product\/cavatelli-pugliesi\/","title":{"rendered":"Cavatelli Pugliesi"},"content":{"rendered":"<p>Confezione da 500g<\/p>\n<p>Scopri l&#8217;autentico gusto della Puglia con i nostri deliziosi cavatelli pugliesi! Questa specialit\u00e0 culinaria tradizionale \u00e8 un simbolo della cucina regionale italiana e porta con s\u00e9 tutta la passione e l&#8217;artigianalit\u00e0 dei cuochi pugliesi.<\/p>\n","protected":false},"excerpt":{"rendered":"<p>Confezione da 500g<\/p>\n<p><a href=\"https:\/\/capriccidelpellegrino.com\/pdf\/42 - scheda tecnica CAVATELLI.pdf\" target=\"_blank\" rel=\"noopener\"><strong>Visualizza la scheda tecnica<\/strong><\/a><\/p>\n","protected":false},"featured_media":213,"comment_status":"open","ping_status":"closed","template":"","meta":[],"product_brand":[],"product_cat":[67],"product_tag":[72,69],"class_list":{"0":"post-88","1":"product","2":"type-product","3":"status-publish","4":"has-post-thumbnail","6":"product_cat-pasta","7":"product_tag-cavatelli","8":"product_tag-pasta","10":"first","11":"instock","12":"shipping-taxable","13":"purchasable","14":"product-type-simple"},"_links":{"self":[{"href":"https:\/\/capriccidelpellegrino.com\/shop\/wp-json\/wp\/v2\/product\/88","targetHints":{"allow":["GET"]}}],"collection":[{"href":"https:\/\/capriccidelpellegrino.com\/shop\/wp-json\/wp\/v2\/product"}],"about":[{"href":"https:\/\/capriccidelpellegrino.com\/shop\/wp-json\/wp\/v2\/types\/product"}],"replies":[{"embeddable":true,"href":"https:\/\/capriccidelpellegrino.com\/shop\/wp-json\/wp\/v2\/comments?post=88"}],"wp:featuredmedia":[{"embeddable":true,"href":"https:\/\/capriccidelpellegrino.com\/shop\/wp-json\/wp\/v2\/media\/213"}],"wp:attachment":[{"href":"https:\/\/capriccidelpellegrino.com\/shop\/wp-json\/wp\/v2\/media?parent=88"}],"wp:term":[{"taxonomy":"product_brand","embeddable":true,"href":"https:\/\/capriccidelpellegrino.com\/shop\/wp-json\/wp\/v2\/product_brand?post=88"},{"taxonomy":"product_cat","embeddable":true,"href":"https:\/\/capriccidelpellegrino.com\/shop\/wp-json\/wp\/v2\/product_cat?post=88"},{"taxonomy":"product_tag","embeddable":true,"href":"https:\/\/capriccidelpellegrino.com\/shop\/wp-json\/wp\/v2\/product_tag?post=88"}],"curies":[{"name":"wp","href":"https:\/\/api.w.org\/{rel}","templated":true}]}}