{"id":77,"date":"2023-05-30T16:43:03","date_gmt":"2023-05-30T15:43:03","guid":{"rendered":"https:\/\/capriccidelpellegrino.com\/shop\/?post_type=product&#038;p=77"},"modified":"2024-11-30T21:29:29","modified_gmt":"2024-11-30T20:29:29","slug":"piccole-tentazioni-cioccolato-e-mandorle","status":"publish","type":"product","link":"https:\/\/capriccidelpellegrino.com\/shop\/product\/piccole-tentazioni-cioccolato-e-mandorle\/","title":{"rendered":"Piccole tentazioni cioccolato e mandorle"},"content":{"rendered":"<p>Confezione da 250g<\/p>\n<p>Tarallo Dolce &#8220;Piccole Tentazioni&#8221; al Cioccolato e Mandorle, un vero e proprio peccato di gola che vi far\u00e0 innamorare con ogni morso. Ogni tarallo \u00e8 arricchito con una generosa quantit\u00e0 di cioccolato pregiato e mandorle croccanti, creando una sinfonia di sapori che si fondono armoniosamente.<\/p>\n","protected":false},"excerpt":{"rendered":"<p>Confezione da 250g<\/p>\n<p><a href=\"https:\/\/capriccidelpellegrino.com\/pdf\/33 - PICCOLE TENTAZIONI CON CIOCCOLATO E MANDORLE.pdf\" target=\"_blank\" rel=\"noopener\"><strong>Visualizza la scheda tecnica<\/strong><\/a><\/p>\n","protected":false},"featured_media":200,"comment_status":"open","ping_status":"closed","template":"","meta":[],"product_brand":[],"product_cat":[58,49],"product_tag":[53,43,59,51],"class_list":{"0":"post-77","1":"product","2":"type-product","3":"status-publish","4":"has-post-thumbnail","6":"product_cat-piccole-tentazioni","7":"product_cat-taralli-dolci","8":"product_tag-cioccolato","9":"product_tag-mandorla","10":"product_tag-piccole-tentazioni","11":"product_tag-taralli-dolci","13":"first","14":"instock","15":"shipping-taxable","16":"purchasable","17":"product-type-simple"},"_links":{"self":[{"href":"https:\/\/capriccidelpellegrino.com\/shop\/wp-json\/wp\/v2\/product\/77","targetHints":{"allow":["GET"]}}],"collection":[{"href":"https:\/\/capriccidelpellegrino.com\/shop\/wp-json\/wp\/v2\/product"}],"about":[{"href":"https:\/\/capriccidelpellegrino.com\/shop\/wp-json\/wp\/v2\/types\/product"}],"replies":[{"embeddable":true,"href":"https:\/\/capriccidelpellegrino.com\/shop\/wp-json\/wp\/v2\/comments?post=77"}],"wp:featuredmedia":[{"embeddable":true,"href":"https:\/\/capriccidelpellegrino.com\/shop\/wp-json\/wp\/v2\/media\/200"}],"wp:attachment":[{"href":"https:\/\/capriccidelpellegrino.com\/shop\/wp-json\/wp\/v2\/media?parent=77"}],"wp:term":[{"taxonomy":"product_brand","embeddable":true,"href":"https:\/\/capriccidelpellegrino.com\/shop\/wp-json\/wp\/v2\/product_brand?post=77"},{"taxonomy":"product_cat","embeddable":true,"href":"https:\/\/capriccidelpellegrino.com\/shop\/wp-json\/wp\/v2\/product_cat?post=77"},{"taxonomy":"product_tag","embeddable":true,"href":"https:\/\/capriccidelpellegrino.com\/shop\/wp-json\/wp\/v2\/product_tag?post=77"}],"curies":[{"name":"wp","href":"https:\/\/api.w.org\/{rel}","templated":true}]}}