{"id":75,"date":"2023-05-30T16:36:55","date_gmt":"2023-05-30T15:36:55","guid":{"rendered":"https:\/\/capriccidelpellegrino.com\/shop\/?post_type=product&#038;p=75"},"modified":"2024-11-30T21:29:38","modified_gmt":"2024-11-30T20:29:38","slug":"dolci-delizie-zenzero-e-cannella","status":"publish","type":"product","link":"https:\/\/capriccidelpellegrino.com\/shop\/product\/dolci-delizie-zenzero-e-cannella\/","title":{"rendered":"Dolci Delizie zenzero e cannella"},"content":{"rendered":"<p>Confezione da 250g<\/p>\n<p>Tarallo Dolce Zenzero e Cannella, un&#8217;esperienza di gusto che vi far\u00e0 immergere in un mondo di fragranza e spezie. Il Tarallo Dolce Zenzero e Cannella \u00e8 realizzato con cura artigianale, utilizzando solo ingredienti di alta qualit\u00e0. Ogni tarallo \u00e8 arricchito con l&#8217;intenso aroma dello zenzero e la dolcezza avvolgente della cannella, creando un connubio di sapori che vi sorprender\u00e0.<\/p>\n","protected":false},"excerpt":{"rendered":"<p>Confezione da 250g<\/p>\n<p><a href=\"https:\/\/capriccidelpellegrino.com\/pdf\/31 - DOLCI DELIZIE ZENZERO E CANNELLA.pdf\" target=\"_blank\" rel=\"noopener\"><strong>Visualizza la scheda tecnica<\/strong><\/a><\/p>\n","protected":false},"featured_media":196,"comment_status":"open","ping_status":"closed","template":"","meta":[],"product_brand":[],"product_cat":[50,49],"product_tag":[57,52,51,56],"class_list":{"0":"post-75","1":"product","2":"type-product","3":"status-publish","4":"has-post-thumbnail","6":"product_cat-dolci-delizie","7":"product_cat-taralli-dolci","8":"product_tag-cannella","9":"product_tag-dolci-delizie","10":"product_tag-taralli-dolci","11":"product_tag-zenzero","13":"first","14":"instock","15":"shipping-taxable","16":"purchasable","17":"product-type-simple"},"_links":{"self":[{"href":"https:\/\/capriccidelpellegrino.com\/shop\/wp-json\/wp\/v2\/product\/75","targetHints":{"allow":["GET"]}}],"collection":[{"href":"https:\/\/capriccidelpellegrino.com\/shop\/wp-json\/wp\/v2\/product"}],"about":[{"href":"https:\/\/capriccidelpellegrino.com\/shop\/wp-json\/wp\/v2\/types\/product"}],"replies":[{"embeddable":true,"href":"https:\/\/capriccidelpellegrino.com\/shop\/wp-json\/wp\/v2\/comments?post=75"}],"wp:featuredmedia":[{"embeddable":true,"href":"https:\/\/capriccidelpellegrino.com\/shop\/wp-json\/wp\/v2\/media\/196"}],"wp:attachment":[{"href":"https:\/\/capriccidelpellegrino.com\/shop\/wp-json\/wp\/v2\/media?parent=75"}],"wp:term":[{"taxonomy":"product_brand","embeddable":true,"href":"https:\/\/capriccidelpellegrino.com\/shop\/wp-json\/wp\/v2\/product_brand?post=75"},{"taxonomy":"product_cat","embeddable":true,"href":"https:\/\/capriccidelpellegrino.com\/shop\/wp-json\/wp\/v2\/product_cat?post=75"},{"taxonomy":"product_tag","embeddable":true,"href":"https:\/\/capriccidelpellegrino.com\/shop\/wp-json\/wp\/v2\/product_tag?post=75"}],"curies":[{"name":"wp","href":"https:\/\/api.w.org\/{rel}","templated":true}]}}