{"id":74,"date":"2023-05-30T16:35:59","date_gmt":"2023-05-30T15:35:59","guid":{"rendered":"https:\/\/capriccidelpellegrino.com\/shop\/?post_type=product&#038;p=74"},"modified":"2024-11-30T21:29:44","modified_gmt":"2024-11-30T20:29:44","slug":"dolci-delizie-al-cioccolato-e-rum","status":"publish","type":"product","link":"https:\/\/capriccidelpellegrino.com\/shop\/product\/dolci-delizie-al-cioccolato-e-rum\/","title":{"rendered":"Dolci Delizie al cioccolato e rum"},"content":{"rendered":"<p>Confezione da 250g<\/p>\n<p>Tarallo Dolce al Cioccolato e Rum, un&#8217;irresistibile prelibatezza che vi far\u00e0 immergere in una combinazione di gusto unica e appagante. Il Tarallo Dolce al Rum e Cioccolato \u00e8 realizzato con cura artigianale, utilizzando solo ingredienti di alta qualit\u00e0. Ogni tarallo \u00e8 arricchito con una generosa quantit\u00e0 di cioccolato pregiato e aromatizzato con una delicata nota di rum.<\/p>\n","protected":false},"excerpt":{"rendered":"<p>Confezione da 250g<\/p>\n<p><a href=\"https:\/\/capriccidelpellegrino.com\/pdf\/30 - DOLCI DELIZIE CON CIOCCOLATO E RHUM.pdf\" target=\"_blank\" rel=\"noopener\"><strong>Visualizza la scheda tecnica<\/strong><\/a><\/p>\n","protected":false},"featured_media":195,"comment_status":"open","ping_status":"closed","template":"","meta":[],"product_brand":[],"product_cat":[50,49],"product_tag":[53,52,55,51],"class_list":{"0":"post-74","1":"product","2":"type-product","3":"status-publish","4":"has-post-thumbnail","6":"product_cat-dolci-delizie","7":"product_cat-taralli-dolci","8":"product_tag-cioccolato","9":"product_tag-dolci-delizie","10":"product_tag-rum","11":"product_tag-taralli-dolci","13":"first","14":"instock","15":"shipping-taxable","16":"purchasable","17":"product-type-simple"},"_links":{"self":[{"href":"https:\/\/capriccidelpellegrino.com\/shop\/wp-json\/wp\/v2\/product\/74","targetHints":{"allow":["GET"]}}],"collection":[{"href":"https:\/\/capriccidelpellegrino.com\/shop\/wp-json\/wp\/v2\/product"}],"about":[{"href":"https:\/\/capriccidelpellegrino.com\/shop\/wp-json\/wp\/v2\/types\/product"}],"replies":[{"embeddable":true,"href":"https:\/\/capriccidelpellegrino.com\/shop\/wp-json\/wp\/v2\/comments?post=74"}],"wp:featuredmedia":[{"embeddable":true,"href":"https:\/\/capriccidelpellegrino.com\/shop\/wp-json\/wp\/v2\/media\/195"}],"wp:attachment":[{"href":"https:\/\/capriccidelpellegrino.com\/shop\/wp-json\/wp\/v2\/media?parent=74"}],"wp:term":[{"taxonomy":"product_brand","embeddable":true,"href":"https:\/\/capriccidelpellegrino.com\/shop\/wp-json\/wp\/v2\/product_brand?post=74"},{"taxonomy":"product_cat","embeddable":true,"href":"https:\/\/capriccidelpellegrino.com\/shop\/wp-json\/wp\/v2\/product_cat?post=74"},{"taxonomy":"product_tag","embeddable":true,"href":"https:\/\/capriccidelpellegrino.com\/shop\/wp-json\/wp\/v2\/product_tag?post=74"}],"curies":[{"name":"wp","href":"https:\/\/api.w.org\/{rel}","templated":true}]}}