{"id":73,"date":"2023-05-30T16:35:18","date_gmt":"2023-05-30T15:35:18","guid":{"rendered":"https:\/\/capriccidelpellegrino.com\/shop\/?post_type=product&#038;p=73"},"modified":"2024-11-30T21:29:50","modified_gmt":"2024-11-30T20:29:50","slug":"dolci-delizie-al-pistacchio","status":"publish","type":"product","link":"https:\/\/capriccidelpellegrino.com\/shop\/product\/dolci-delizie-al-pistacchio\/","title":{"rendered":"Dolci Delizie al pistacchio"},"content":{"rendered":"<p>Confezione da 250g<\/p>\n<p>Tarallo Dolce al Pistacchio, una delizia che vi far\u00e0 immergere in un sapore unico e irresistibile. Il Tarallo Dolce al Pistacchio \u00e8 realizzato con cura artigianale, utilizzando solo ingredienti di altissima qualit\u00e0. Ogni tarallo \u00e8 preparato con una generosa quantit\u00e0 di pistacchi siciliani, con il loro caratteristico colore verde intenso e il sapore ricco e cremoso.<\/p>\n","protected":false},"excerpt":{"rendered":"<p>Confezione da 250g<\/p>\n<p><a href=\"https:\/\/capriccidelpellegrino.com\/pdf\/29 -DOLCI DELIZIE AL PISTACCHIO.pdf\" target=\"_blank\" rel=\"noopener\"><strong>Visualizza la scheda tecnica<\/strong><\/a><\/p>\n","protected":false},"featured_media":194,"comment_status":"open","ping_status":"closed","template":"","meta":[],"product_brand":[],"product_cat":[50,49],"product_tag":[52,54,51],"class_list":{"0":"post-73","1":"product","2":"type-product","3":"status-publish","4":"has-post-thumbnail","6":"product_cat-dolci-delizie","7":"product_cat-taralli-dolci","8":"product_tag-dolci-delizie","9":"product_tag-pistacchio","10":"product_tag-taralli-dolci","12":"first","13":"instock","14":"shipping-taxable","15":"purchasable","16":"product-type-simple"},"_links":{"self":[{"href":"https:\/\/capriccidelpellegrino.com\/shop\/wp-json\/wp\/v2\/product\/73","targetHints":{"allow":["GET"]}}],"collection":[{"href":"https:\/\/capriccidelpellegrino.com\/shop\/wp-json\/wp\/v2\/product"}],"about":[{"href":"https:\/\/capriccidelpellegrino.com\/shop\/wp-json\/wp\/v2\/types\/product"}],"replies":[{"embeddable":true,"href":"https:\/\/capriccidelpellegrino.com\/shop\/wp-json\/wp\/v2\/comments?post=73"}],"wp:featuredmedia":[{"embeddable":true,"href":"https:\/\/capriccidelpellegrino.com\/shop\/wp-json\/wp\/v2\/media\/194"}],"wp:attachment":[{"href":"https:\/\/capriccidelpellegrino.com\/shop\/wp-json\/wp\/v2\/media?parent=73"}],"wp:term":[{"taxonomy":"product_brand","embeddable":true,"href":"https:\/\/capriccidelpellegrino.com\/shop\/wp-json\/wp\/v2\/product_brand?post=73"},{"taxonomy":"product_cat","embeddable":true,"href":"https:\/\/capriccidelpellegrino.com\/shop\/wp-json\/wp\/v2\/product_cat?post=73"},{"taxonomy":"product_tag","embeddable":true,"href":"https:\/\/capriccidelpellegrino.com\/shop\/wp-json\/wp\/v2\/product_tag?post=73"}],"curies":[{"name":"wp","href":"https:\/\/api.w.org\/{rel}","templated":true}]}}