{"id":52,"date":"2023-05-30T15:45:57","date_gmt":"2023-05-30T14:45:57","guid":{"rendered":"https:\/\/capriccidelpellegrino.com\/shop\/?post_type=product&#038;p=52"},"modified":"2024-11-30T21:30:58","modified_gmt":"2024-11-30T20:30:58","slug":"taralli-barlettani-tradizionali","status":"publish","type":"product","link":"https:\/\/capriccidelpellegrino.com\/shop\/product\/taralli-barlettani-tradizionali\/","title":{"rendered":"Taralli Barlettani tradizionali"},"content":{"rendered":"<p>Confezione da 300g<\/p>\n<p>Taralli Barlettani Tradizionali, un&#8217;autentica specialit\u00e0 pugliese che vi porter\u00e0 a gustare i sapori e la tradizione di Barletta, una citt\u00e0 ricca di cultura culinaria.<\/p>\n","protected":false},"excerpt":{"rendered":"<p>Confezione da 300g<\/p>\n<p><a href=\"https:\/\/capriccidelpellegrino.com\/pdf\/13 - BARLETTANI TRADIZIONALI.pdf\" target=\"_blank\" rel=\"noopener\"><strong>Visualizza la scheda tecnica<\/strong><\/a><\/p>\n","protected":false},"featured_media":176,"comment_status":"open","ping_status":"closed","template":"","meta":[],"product_brand":[],"product_cat":[34],"product_tag":[35,24,28],"class_list":{"0":"post-52","1":"product","2":"type-product","3":"status-publish","4":"has-post-thumbnail","6":"product_cat-barlettani","7":"product_tag-barlettani","8":"product_tag-taralli","9":"product_tag-tradizionali","11":"first","12":"instock","13":"shipping-taxable","14":"purchasable","15":"product-type-simple"},"_links":{"self":[{"href":"https:\/\/capriccidelpellegrino.com\/shop\/wp-json\/wp\/v2\/product\/52","targetHints":{"allow":["GET"]}}],"collection":[{"href":"https:\/\/capriccidelpellegrino.com\/shop\/wp-json\/wp\/v2\/product"}],"about":[{"href":"https:\/\/capriccidelpellegrino.com\/shop\/wp-json\/wp\/v2\/types\/product"}],"replies":[{"embeddable":true,"href":"https:\/\/capriccidelpellegrino.com\/shop\/wp-json\/wp\/v2\/comments?post=52"}],"wp:featuredmedia":[{"embeddable":true,"href":"https:\/\/capriccidelpellegrino.com\/shop\/wp-json\/wp\/v2\/media\/176"}],"wp:attachment":[{"href":"https:\/\/capriccidelpellegrino.com\/shop\/wp-json\/wp\/v2\/media?parent=52"}],"wp:term":[{"taxonomy":"product_brand","embeddable":true,"href":"https:\/\/capriccidelpellegrino.com\/shop\/wp-json\/wp\/v2\/product_brand?post=52"},{"taxonomy":"product_cat","embeddable":true,"href":"https:\/\/capriccidelpellegrino.com\/shop\/wp-json\/wp\/v2\/product_cat?post=52"},{"taxonomy":"product_tag","embeddable":true,"href":"https:\/\/capriccidelpellegrino.com\/shop\/wp-json\/wp\/v2\/product_tag?post=52"}],"curies":[{"name":"wp","href":"https:\/\/api.w.org\/{rel}","templated":true}]}}