{"id":329,"date":"2023-10-10T14:52:25","date_gmt":"2023-10-10T12:52:25","guid":{"rendered":"https:\/\/capriccidelpellegrino.com\/shop\/?post_type=product&#038;p=329"},"modified":"2024-11-30T21:28:06","modified_gmt":"2024-11-30T20:28:06","slug":"dolci-delizie-al-limone","status":"publish","type":"product","link":"https:\/\/capriccidelpellegrino.com\/shop\/product\/dolci-delizie-al-limone\/","title":{"rendered":"Dolci delizie al limone"},"content":{"rendered":"<p>Confezione da 250g<\/p>\n<p>Tarallo Dolce gusto limone, un&#8217;esperienza di gusto che vi far\u00e0 immergere in un mondo di fragranza e spezie. Il Tarallo Dolce al limone \u00e8 realizzato con cura artigianale, utilizzando solo ingredienti di alta qualit\u00e0. Ogni tarallo \u00e8 arricchito con l&#8217;intenso aroma del limone, creando un sapore che vi sorprender\u00e0.<\/p>\n","protected":false},"excerpt":{"rendered":"<p>Confezione da 250g<\/p>\n<p><a href=\"https:\/\/capriccidelpellegrino.com\/pdf\/SCHEDA-TECNICA-DOLCI-DELIZIE-LIMONE.pdf\" target=\"_blank\" rel=\"noopener\">Visualizza la scheda tecnica<\/a><\/p>\n","protected":false},"featured_media":325,"comment_status":"open","ping_status":"closed","template":"","meta":[],"product_brand":[],"product_cat":[50,49],"product_tag":[52,82,51],"class_list":{"0":"post-329","1":"product","2":"type-product","3":"status-publish","4":"has-post-thumbnail","6":"product_cat-dolci-delizie","7":"product_cat-taralli-dolci","8":"product_tag-dolci-delizie","9":"product_tag-limone","10":"product_tag-taralli-dolci","12":"first","13":"instock","14":"shipping-taxable","15":"purchasable","16":"product-type-simple"},"_links":{"self":[{"href":"https:\/\/capriccidelpellegrino.com\/shop\/wp-json\/wp\/v2\/product\/329","targetHints":{"allow":["GET"]}}],"collection":[{"href":"https:\/\/capriccidelpellegrino.com\/shop\/wp-json\/wp\/v2\/product"}],"about":[{"href":"https:\/\/capriccidelpellegrino.com\/shop\/wp-json\/wp\/v2\/types\/product"}],"replies":[{"embeddable":true,"href":"https:\/\/capriccidelpellegrino.com\/shop\/wp-json\/wp\/v2\/comments?post=329"}],"wp:featuredmedia":[{"embeddable":true,"href":"https:\/\/capriccidelpellegrino.com\/shop\/wp-json\/wp\/v2\/media\/325"}],"wp:attachment":[{"href":"https:\/\/capriccidelpellegrino.com\/shop\/wp-json\/wp\/v2\/media?parent=329"}],"wp:term":[{"taxonomy":"product_brand","embeddable":true,"href":"https:\/\/capriccidelpellegrino.com\/shop\/wp-json\/wp\/v2\/product_brand?post=329"},{"taxonomy":"product_cat","embeddable":true,"href":"https:\/\/capriccidelpellegrino.com\/shop\/wp-json\/wp\/v2\/product_cat?post=329"},{"taxonomy":"product_tag","embeddable":true,"href":"https:\/\/capriccidelpellegrino.com\/shop\/wp-json\/wp\/v2\/product_tag?post=329"}],"curies":[{"name":"wp","href":"https:\/\/api.w.org\/{rel}","templated":true}]}}