{"id":233,"date":"2023-08-06T09:14:13","date_gmt":"2023-08-06T08:14:13","guid":{"rendered":"https:\/\/capriccidelpellegrino.com\/shop\/?page_id=233"},"modified":"2023-08-19T15:10:28","modified_gmt":"2023-08-19T14:10:28","slug":"termini-e-condizioni","status":"publish","type":"page","link":"https:\/\/capriccidelpellegrino.com\/shop\/termini-e-condizioni\/","title":{"rendered":"Termini e Condizioni"},"content":{"rendered":"<p>Le presenti condizioni generali di vendita on-line mediante piattaforma e-commerce si applicano agli<br \/>acquisti di soli prodotti alimentari effettuati per il tramite del sito web www.capriccidelpellegrino.com di<br \/>propriet\u00e0 della societ\u00e0 CAPRICCI DEL PELLEGRINO DI CORVAGLIA S. &amp; C. SNC (Codice fiscale P.Iva:<br \/>06719290725) con sede in NOICATTARO (BA) alla Via A. Perotti, n. 7 (P.E.C.:<br \/>capriccidelpellegrinosnc@ticertifica.it), iscritta presso la Camera di Commercio di Bari al n. REA BA &#8211;<br \/>505859, E-mail: info@capriccidelpellegrino.com<\/p>\n<p>A seconda dell\u2019acquirente \u2013 consumatore o compratore professionista \u2013 che perfezioner\u00e0 il contratto,<br \/>troveranno applicazione differenti regole e norme, come meglio specificato nel proseguo.<\/p>\n<p>CAPRICCI DEL PELLEGRINO DI CORVAGLIA S. &amp; C. SNC osserva la normativa in materia di contratti conclusi a<br \/>distanza di cui agli art. 45 e seguenti del D. Lgs. 206\/2005 e successive modifiche ed integrazioni.<\/p>\n<p><strong>1 PREMESSA ED ACCETTAZIONE DELLE CONDIZIONI GENERALI DI VENDITA<\/strong><br \/>1.1 Le presenti condizioni di vendita (di seguito \u201cCondizioni Generali\u201d) hanno per oggetto la disciplina<br \/>dell\u2019acquisto di prodotti di natura alimentare, effettuato a distanza e resi disponibili, tramite il sito internet<br \/>www.capriccidelpellegrino.com (in seguito anche semplicemente il \u201cSito\u201d). Utilizzando i servizi disponibili su<br \/>Sito si accettano integralmente e senza riserva alcuna i Termini e Condizioni Generali descritte.<\/p>\n<p>1.2 L\u2019Acquirente \u00e8 tenuto, prima di effettuare l\u2019ordine, a leggere attentamente le presenti Condizioni<br \/>Generali che sono state messe a sua disposizione sul Sito, le quali costituiscono parte integrante<br \/>dell\u2019accordo e sono vincolanti per l\u2019utilizzo del Sito e che saranno consultabili in ogni momento<br \/>dall\u2019acquirente. L\u2019acquirente una volta conclusa la procedura d\u2019acquisto \u00e8 tenuto a stampare o salvare<br \/>copia elettronica delle presenti Condizioni Generali. Con l\u2019effettuazione dell\u2019ordine di acquisto l\u2019acquirente<br \/>conferma di aver letto attentamente e di accettare tutte le presenti condizioni generali di vendita e chiede<br \/>che l\u2019azienda proceda all\u2019esecuzione delle stesse.<\/p>\n<p>1.3 Con \u201cAcquirente\u201d si intende qualsiasi soggetto, persona fisica o giuridica, che, accedendo al sito,<br \/>acquista i beni alimentari on-line.<\/p>\n<p>1.4 Con \u201cConsumatore\u201d si intende qualsiasi persona fisica intesa quale utilizzatore finale del prodotto, che<br \/>acquisti il prodotto per scopi personali non professionali, cos\u00ec come definito ai sensi dell&#8217;art. 3, comma 1,<br \/>lett. a), del D.Lgs. 6 settembre 2005, n. 206 coordinato ed aggiornato con le successive modifiche (Codice<br \/>del Consumo): \u201cconsumatore o utente: la persona fisica che agisce per scopi estranei all&#8217;attivit\u00e0<br \/>imprenditoriale, commerciale, artigianale o professionale eventualmente svolta\u201d.<\/p>\n<p>1.5 Con \u201cConsumatore professionale\u201d, si intende libero professionista o la persona giuridica che, per mezzo<br \/>di una persona fisica incaricata e autorizzata (legale rappresentante, dipendente, collaboratore) interagisce<br \/>con la piattaforma e-commerce e conclude un contratto di vendita on line, nell&#8217;esercizio della propria<br \/>attivit\u00e0 imprenditoriale e commerciale. Al Consumatore professionale non trovano applicazione le<br \/>disposizioni contenute nel Codice del Consumo, che si applicano unicamente ai \u201cconsumatori\u201d.<\/p>\n<p>1.6 Con \u201cUtente\/Cliente\u201d si intende il visitatore della piattaforma che interagisce con le funzioni del sito: la<br \/>nozione comprende sia il Consumatore che il Compratore professionista.<\/p>\n<p>1.7 Con \u201cProdotto\/i\u201d, si intende i\/il prodotto\/i alimentari venduti da Capricci del Pellegrino snc su propria<br \/>piattaforma web: www.capriccidelpellegrino.com.<\/p>\n<p>1.8 Le seguenti condizioni di vendita si applicano a tutti gli ordini effettuati, con qualunque mezzo di<br \/>seguito previsto, per tutte le voci ed i servizi offerti sul Sito.<\/p>\n<p>1.9 Capricci del Pellegrino snc si riserva il diritto di modificare in ogni momento le presenti condizioni,<br \/>intendendo tuttavia applicabili agli ordini di vendita on-line effettuati sul sito le condizioni di contratto<br \/>accettate dal Cliente al momento dell\u2019ordine. Le eventuali nuove Condizioni saranno efficaci dal momento<br \/>della pubblicazione sul sito e si applicheranno alle sole vendite concluse successivamente alla pubblicazione<br \/>medesima.<\/p>\n<p><strong>2 SCELTA ED ORDINE DEI PRODOTTI<\/strong><br \/>2.1 Le caratteristiche ed il prezzo dei vari prodotti in vendita sono riportati nella sezione relativa sul Sito (di<br \/>seguito \u201cProdotto\u201d o \u201cProdotti\u201d). I prezzi di vendita sono indicati per il singolo prodotto e sono comprensivi<br \/>di IVA ma non includono le spese per la consegna della merce che devono essere conteggiate a parte.<\/p>\n<p>2.2 La rappresentazione grafica dei Prodotti sul Sito, ove disponibile, corrisponde all\u2019immagine fotografica a<br \/>corredo della scheda dettagliata; le immagini, in ogni caso, devono essere intese come indicative, tenuto<br \/>conto anche delle modifiche eventuali alle confezioni dei prodotti. Il packaging dei prodotti consegnati<br \/>potrebbe non coincidere con la veste grafica del Sito, per motivi collegati alla struttura<br \/>dell\u2019impacchettamento e comunque anche per cause indipendenti dalla volont\u00e0 di Capricci del Pellegrino<br \/>snc.<\/p>\n<p>2.3 Per l\u2019acquisto dei Prodotti, il Cliente dovr\u00e0 aggiungere il prodotto al carrello, seguendo le istruzioni del<br \/>Sito. Il Cliente dovr\u00e0 inviare l\u2019ordine, completo di tutte le informazioni, dopo aver preso visione delle<br \/>Condizioni Generali di Vendita e della Politica della Privacy, sottoscrivendo la conferma d\u2019ordine \u201cper<br \/>accettazione\u201d.<\/p>\n<p><strong>3 ACCETTAZIONE, CONFERMA, MODIFICA ED ANNULLAMENTO DELL\u2019ORDINE<\/strong><br \/>3.1 Il contratto di compravendita di prodotto\/prodotti on line, si intende concluso, quando l\u2019acquirente,<br \/>porter\u00e0 a termine e a buon fine la procedura di acquisto on line, inviando l\u2019ordine sottoscritto. Con l\u2019invio<br \/>dell\u2019ordine il cliente riconosce e dichiara di aver preso visione ed accettato le condizioni generali ed in<br \/>materia di privacy indicate nonch\u00e9 tutte le indicazioni fornitegli durante la procedura d\u2019acquisto, in<br \/>particolare quelle che attengono alle modalit\u00e0 di pagamento.<\/p>\n<p>3.2 Fermo restando quanto sopra, l\u2019obbligo di consegna del prodotto da parte di Capricci del Pellegrino snc,<br \/>\u00e8 subordinato al previo pagamento dell\u2019ordine da parte dell\u2019acquirente.<\/p>\n<p>3.3 Il Cliente una volta conclusa la procedura d\u2019acquisto \u00e8 tenuto a stampare o salvare copia elettronica<br \/>delle presenti Condizioni di Vendita.<\/p>\n<p>3.4 Una volta effettuato l\u2019ordine il Venditore verificher\u00e0 la disponibilit\u00e0 del magazzino per l\u2019evasione<br \/>dell\u2019ordine stesso; nel caso in cui il quantitativo indicato nell\u2019ordine non fosse al momento disponibile, o<br \/>uno o pi\u00f9 prodotti fossero andati esauriti per la concomitanza di pi\u00f9 ordini, Capricci del Pellegrino snc si<br \/>impegna, a norma di legge, ad informare tempestivamente il Cliente ai numeri telefonici indicati facendone<br \/>avviso all\u2019indirizzo e-mail che ha fornito, per comunicare quali sono i Prodotti mancanti e si comporter\u00e0 in<br \/>base alla decisione del Cliente. Se il Cliente non \u00e8 reperibile ai numeri telefonici forniti in orario utile per<br \/>sostituire i Prodotti mancanti, la venditrice procede alla consegna degli altri Prodotti ordinati dal Cliente; in<br \/>questo caso, la consegna parziale dei Prodotti ordinati si intende valida e non d\u00e0 al Cliente diritto al rifiuto<br \/>della consegna, n\u00e9 ad alcun risarcimento o indennizzo di sorta, salvo ovviamente la restituzione<br \/>dell\u2019importo corrisposto per quanto attiene il prodotto non consegnato.<\/p>\n<p>3.5 Capricci del Pellegrino snc si riserva il diritto di rifiutare l\u2019elaborazione di ordini in caso di circostanze<br \/>eccezionali sopraggiunte e successivamente all\u2019invio della Conferma dell\u2019avvenuto pagamento, previa<br \/>comunicazione a mezzo e-mail al cliente con conseguente restituzione dell\u2019eventuale importo pagato.<\/p>\n<p><strong>4 GESTIONE DEGLI ORDINI CONTENENTI PRODOTTI A PESO VARIABILE<\/strong><\/p>\n<p>4.1 I prodotti a peso variabile sono prodotti il cui peso effettivo si determina al momento del loro<br \/>confezionamento. Capricci del Pellegrino snc per permettere al Cliente di conoscere il prezzo, ha indicato<br \/>sul listino il prezzo all\u2019ettogrammo. Nel caso di ordine di prodotti a peso variabile, si potrebbe quindi<br \/>verificare uno scostamento tra la quantit\u00e0 ordinata e quella effettivamente consegnata. In ogni caso,<br \/>Capricci del Pellegrino snc applicher\u00e0 la regola del maggior favore verso il Cliente, ossia a fronte di una<br \/>quantit\u00e0 di Prodotto superiore rispetto a quella ordinata, il prezzo rimarr\u00e0 invariato, se rientrante, per<br \/>l\u2019eccedenza, nella misura dell\u2019ettogrammo.<\/p>\n<p><strong>5 PREZZI DEI PRODOTTI<\/strong><br \/>5.1 All\u2019ordine del Cliente si applicher\u00e0 esclusivamente il prezzo per unit\u00e0 di misura Euro\/Kg-hg-gr per i<br \/>prodotti a peso variabile e per confezione per tutti gli altri prodotti, calcolato al momento dell\u2019ordine, senza<br \/>alcuna considerazione di aumenti o diminuzioni di prezzo, anche per promozioni, eventualmente<br \/>intervenute successivamente o precedentemente conclusesi.<br \/>5.2 Tutti i prezzi sono comprensivi di tasse ed imposte.<br \/>5.3 Tutti i prezzi sono espressi in Euro.<\/p>\n<p><strong>6 MODALIT\u00c0 DI PAGAMENTO<\/strong><br \/>6.1 l pagamento dei prodotti offerti in vendita on-line e le relative spese di consegna, ove previste,<br \/>attraverso il sito web potr\u00e0 avvenire unicamente tramite Paypal\/carta di credito.<\/p>\n<p>6.2 PAYPAL\/CARTA DI CREDITO: Paypal \u00e8 un server sicuro e piattaforma leader nel mondo, nel campo dei<br \/>pagamenti e-commerce. Una volta confermato l\u2019ordine, selezionando il pagamento tramite Paypal, il<br \/>Cliente verr\u00e0 automaticamente indirizzato alla pagina ove potr\u00e0 effettuare il pagamento con il suo conto<br \/>corrente oppure utilizzando una carta (anche prepagata), o comunque secondo le modalit\u00e0 accettate da<br \/>Paypal e nel rispetto delle relative condizioni.<\/p>\n<p>6.3 In caso di pagamento mediante carta di credito o Paypal le informazioni finanziarie (ad<br \/>esempio il numero della carta di credito o la data della sua scadenza) saranno inoltrate in sicurezza<br \/>all\u2019Istituto di Credito di riferimento senza che terzi possano, in alcun modo, avervi accesso. Si precisa che, in<br \/>nessun momento della procedura di acquisto Capricci del Pellegrino snc \u00e8 in grado di conoscere le<br \/>informazioni relative alla carta di credito dell\u2019acquirente, trasmesse mediante connessione protetta<br \/>direttamente al sito dell\u2019Istituto bancario che gestisce la transazione. Tali dati non verranno conservati in<br \/>alcun archivio informativo. Capricci del Pellegrino snc non pu\u00f2 essere ritenuta responsabile per eventuale<br \/>uso fraudolento ed indebito di carte di credito da parte di terzi, all\u2019atto del pagamento dei Prodotti<br \/>acquistati.<\/p>\n<p><strong>7 FATTURAZIONI DEGLI ORDINI<\/strong><\/p>\n<p>7.1 Dal 1\u00b0 gennaio 2019 \u00e8 in vigore la fatturazione elettronica. Il Codice Identificativo di Capricci del<br \/>Pellegrino snc \u00e8 il seguente (SDI): M5UXCR1<\/p>\n<p>7.2 Agli acquirenti verranno richiesti dei dati obbligatori nel momento della registrazione o dell\u2019ordine in<br \/>corso; per il Consumatore Professionale (Aziende ed i Liberi Professionisti) saranno richiesti: CODICE<br \/>FISCALE, PARTITA IVA, CODICE IDENTIFICATIVO (se non in possesso completare la casella con sette zeri) E<br \/>PEC. Il Consumatore professionale \u00e8 responsabile del corretto inserimento dei dati di fatturazione ed \u00e8<br \/>espressamente informato che, in caso di mancata o errata compilazione dei campi richiesti in fase di<br \/>ordine, non sar\u00e0 possibile richiederla successivamente.<\/p>\n<p><strong>8 SPEDIZIONI<\/strong><br \/>8.1 Capricci del Pellegrino snc pu\u00f2 accettare ordini solo dall\u2019Italia.<\/p>\n<p>8.2 Capricci del Pellegrino snc affider\u00e0 l\u2019ordine con i Prodotti al corriere espresso e comunicato al Cliente in<br \/>sede di conferma d\u2019ordine.<\/p>\n<p><strong>9 TRASPORTO E CONSEGNA<\/strong><br \/>9.1 I Prodotti acquistati sul sito on-line verranno spediti\/consegnati presso l\u2019indirizzo indicato<br \/>dall\u2019acquirente durante la procedura d\u2019acquisto.<\/p>\n<p>9.2 Successivamente al pagamento dell\u2019ordine, Il Consumatore ricever\u00e0 una e-mail di conferma contenente<br \/>tutte le informazioni per il tracciamento della spedizione.<\/p>\n<p>9.3 Al momento della consegna dei Prodotti da parte del corriere, il Cliente dovr\u00e0 controllare che:<br \/>\u2013 il numero dei colli in consegna corrisponda a quanto indicato nel documento di accompagnamento;<br \/>&#8211; i Prodotti corrispondano a quanto ordinato;<br \/>\u2013 l\u2019imballaggio risulti integro, non danneggiato n\u00e9 comunque alterato.<\/p>\n<p><strong>10 ESCLUSIONE DIRITTO DI RECESSO<\/strong><br \/>E\u2019 escluso qualsiasi diritto di recesso, ai sensi di legge.<\/p>\n<p><strong>11 RICHIESTA DI SOSTITUZIONE DI UN PRODOTTO<\/strong><br \/>11.1 La procedura di sostituzione di un Prodotto o di un suo componente potr\u00e0 essere attivata, entro e non<br \/>oltre 24 ore dalla consegna del prodotto, in conseguenza del solo verificarsi di una delle seguenti ipotesi:<br \/>\u2013 \u00e8 stato erroneamente spedito da Capricci del Pellegrino snc un Prodotto diverso da quello che il Cliente<br \/>ha ordinato e, pertanto, non presente nel suo ordine; qualora si verificasse questa ipotesi il Cliente dovr\u00e0<br \/>astenersi dall\u2019aprire la confezione e segnalare immediatamente via mail all\u2019indirizzo:<br \/>ecommerce@capriccidelpellegrino.com l\u2019errore, in modo da consentire le opportune verifiche;<br \/>\u2013 il Prodotto \u00e8 incompleto in alcuni componenti elencati sul sito.<\/p>\n<p>11.2 In ognuno dei casi sopra indicati, le spese di spedizione saranno a carico di Capricci del Pellegrino snc e<br \/>la spedizione di rientro sar\u00e0 effettuata per il tramite di corriere espresso. Il Cliente che decida di richiedere<br \/>la sostituzione di un Prodotto \u00e8 necessario oltre che opportuno che, prima di organizzare la spedizione di<br \/>rientro, contatti il Venditore al seguente indirizzo email: ecommerce@capriccidelpellegrino.com.<\/p>\n<p>11.3 In ogni caso sar\u00e0 necessario avere a disposizione i seguenti documenti e dati: il numero di ordine e di<br \/>fattura.<\/p>\n<p>11.4 Capricci del Pellegrino snc si riserva il diritto di ispezionare il Prodotto prima di accettare o meno il<br \/>reso. Qualora vengano rispettate tutte le condizioni richieste, al Cliente privato verr\u00e0 restituito il Prodotto<br \/>nel rispetto dell\u2019ordine a suo tempo inoltrato.<\/p>\n<p>11.5 Nel caso in cui Capricci del Pellegrino snc non avesse la disponibilit\u00e0 del Prodotto da sostituire, la<br \/>stessa provveder\u00e0 al rimborso del prezzo del Prodotto entro 14 giorni dal ricevimento del Prodotto<br \/>mediante bonifico bancario, previa comunicazione delle coordinate bancarie da parte del Cliente privato.<\/p>\n<p>11.6 Nel caso in cui non vengano rispettate le condizioni di reso, cos\u00ec come previste dal presente articolo, il<br \/>Prodotto restituito non verr\u00e0 accettato ed il Cliente Privato potr\u00e0 scegliere di riavere il Prodotto acquistato<br \/>facendosi carico delle spese di riconsegna. In baso di rifiuto della spedizione Capricci del Pellegrino snc si<br \/>riserva il diritto di trattenere il Prodotto e l\u2019importo corrispondente.<\/p>\n<p><strong>12 GARANZIE<\/strong><br \/>12.1. Tutte le descrizioni dei prodotti, le illustrazioni, le raffigurazioni, i particolari, le dimensioni, i dati<br \/>relativi alle prestazioni e qualsiasi altra informazione disponibile sul sito devono intendersi come<br \/>illustrazioni di carattere generale dei prodotti e non rappresentano in alcun modo una garanzia ovvero<br \/>dichiarazione di conformit\u00e0 dei prodotti alle stesse. Sulla qualit\u00e0 e caratteristiche del Prodotto fornito<br \/>valgono esclusivamente le etichette sul medesimo (Prodotto).<\/p>\n<p><strong>13 FORZA MAGGIORE<\/strong><br \/>13.1 Capricci del Pellegrino snc non sar\u00e0 considerata inadempiente alle proprie obbligazioni se<br \/>l\u2019adempimento sia ritardato a causa di un evento di Forza Maggiore. Per \u201cForza Maggiore\u201d si intende ogni<br \/>evento al di l\u00e0 del ragionevole controllo di Capricci del Pellegrino snc, come ad esempio: eventi naturali o<br \/>pandemici, atti terroristici, tempeste, inondazioni, incendi, sommosse, atti di sabotaggio, divieto di<br \/>commercio, sciopero, sospensione di energia, guasto di attrezzature, ritardi nel trasporto dovuti dalle<br \/>stesse cause riportate come causa di Forza Maggiore, ordini da parte delle autorit\u00e0 civili, atti, regolamenti,<br \/>ordinanze di qualsiasi autorit\u00e0 governativa, atti di guerra, interruzioni del servizio Internet, atti o omissioni<br \/>del Cliente.<\/p>\n<p>13.2 Le scadenze contrattuali sono rinviate del tempo necessario per superare le conseguenze di una causa<br \/>di Forza Maggiore.<\/p>\n<p>13.3 Nel caso in cui l\u2019evento di Forza Maggiore si protraesse per pi\u00f9 di un mese, entrambe le parti potranno<br \/>risolvere il contratto e le parti si accorderanno in buona fede sulle conseguenze di tale risoluzione.<\/p>\n<p><strong>14 RESPONSABILIT\u00c0<\/strong><br \/>14.1 Le informazioni relative ai Prodotti fornite attraverso il Sito sono costantemente aggiornate. Capricci<br \/>del Pellegrino snc garantisce il rispetto delle norme di qualit\u00e0 relative ai prodotti alimentari esclusivamente<br \/>fino al momento della consegna al primo vettore.<\/p>\n<p>14.2 \u00c9 esclusa ogni responsabilit\u00e0 conseguente ad impropria conservazione successiva al momento della<br \/>consegna al primo vettore. \u00c8 altres\u00ec esclusa ogni responsabilit\u00e0 in merito alla mancata attenta lettura da<br \/>parte del Cliente della lista degli allergenici eventualmente presenti nei Prodotti.<\/p>\n<p>14.3 I Capricci del Pellegrino snc declina ogni responsabilit\u00e0 per danni diretti o indiretti di qualunque<br \/>natura essi siano o sotto qualunque forma si manifestino, conseguenti all\u2019utilizzo del Sito e\/o delle notizie<br \/>ed informazioni ivi contenute e per eventi successivi alla consegna dei Prodotti al primo vettore.<\/p>\n<p>14.4 Salvo dolo o colpa grave, la responsabilit\u00e0 di Capricci del Pellegrino snc, per ciascuna vendita<br \/>disciplinata dalle presenti Condizioni Generali, non potr\u00e0 in ogni caso essere superiore al prezzo pagato dal<\/p>\n<p>Cliente. Nessuna responsabilit\u00e0 e\/o indennizzo potranno essere provocate dalla mancata accettazione o<br \/>evasione, anche parziale, di un ordine.<br \/>Art. 15: Normativa Privacy e trattamento dati personali<br \/>Si rimanda alla lettura della sezione Privacy Policy del presente sito: www.capriccidelpellegrino.com<\/p>\n<p><strong>17 LEGGE APPLICABILE<\/strong><br \/>17.1 Il contratto di vendita tra il Cliente (Privato\/Professionale) e Capricci del Pellegrino snc s\u2019intende<br \/>concluso in Italia e regolato dalla Legge Italiana.<\/p>\n<p>17.2 Foro competente<br \/>Per la soluzione di controversia relative all\u2019interpretazione, esecuzione o risoluzione delle presenti<br \/>Condizioni Generali o di singoli ordini di acquisto, se il Cliente \u00e8 un consumatore, ai sensi del Codice del<br \/>Consumo, sar\u00e0 competente in via esclusiva il foro del suo comune di residenza o di domicilio se ubicato nel<br \/>territorio italiano; in tutti gli altri casi, la competenza territoriale \u00e8 esclusivamente quella del Foro di Bari,<br \/>ogni eventuale altro foro competente escluso.<\/p>\n<p>17.3 Per quanto non espressamente previsto varr\u00e0 la normativa italiana vigente in materia.<\/p>\n","protected":false},"excerpt":{"rendered":"<p>Le presenti condizioni generali di vendita on-line mediante piattaforma e-commerce si applicano agliacquisti di soli prodotti alimentari effettuati per il tramite del sito web www.capriccidelpellegrino.com dipropriet\u00e0 della societ\u00e0 CAPRICCI DEL PELLEGRINO DI CORVAGLIA S. &amp; C. SNC (Codice fiscale P.Iva:06719290725) con sede in NOICATTARO (BA) alla Via A. Perotti, n. 7 (P.E.C.:capriccidelpellegrinosnc@ticertifica.it), iscritta presso la [&#8230;]\n","protected":false},"author":1,"featured_media":0,"parent":0,"menu_order":0,"comment_status":"closed","ping_status":"closed","template":"","meta":{"footnotes":""},"class_list":["post-233","page","type-page","status-publish","hentry"],"_links":{"self":[{"href":"https:\/\/capriccidelpellegrino.com\/shop\/wp-json\/wp\/v2\/pages\/233","targetHints":{"allow":["GET"]}}],"collection":[{"href":"https:\/\/capriccidelpellegrino.com\/shop\/wp-json\/wp\/v2\/pages"}],"about":[{"href":"https:\/\/capriccidelpellegrino.com\/shop\/wp-json\/wp\/v2\/types\/page"}],"author":[{"embeddable":true,"href":"https:\/\/capriccidelpellegrino.com\/shop\/wp-json\/wp\/v2\/users\/1"}],"replies":[{"embeddable":true,"href":"https:\/\/capriccidelpellegrino.com\/shop\/wp-json\/wp\/v2\/comments?post=233"}],"version-history":[{"count":3,"href":"https:\/\/capriccidelpellegrino.com\/shop\/wp-json\/wp\/v2\/pages\/233\/revisions"}],"predecessor-version":[{"id":238,"href":"https:\/\/capriccidelpellegrino.com\/shop\/wp-json\/wp\/v2\/pages\/233\/revisions\/238"}],"wp:attachment":[{"href":"https:\/\/capriccidelpellegrino.com\/shop\/wp-json\/wp\/v2\/media?parent=233"}],"curies":[{"name":"wp","href":"https:\/\/api.w.org\/{rel}","templated":true}]}}